{"id":16,"date":"2024-12-31T06:13:19","date_gmt":"2024-12-31T06:13:19","guid":{"rendered":"https:\/\/katerynakolkova.com\/empowerment-with-psych-k\/"},"modified":"2025-03-14T16:44:48","modified_gmt":"2025-03-14T16:44:48","slug":"empowerment-with-psych-k","status":"publish","type":"page","link":"https:\/\/katerynakolkova.com\/da\/empowerment-with-psych-k\/","title":{"rendered":"Empowerment med PSYCH-K\u00ae"},"content":{"rendered":"<div data-elementor-type=\"wp-page\" data-elementor-id=\"16\" class=\"elementor elementor-16\" data-elementor-post-type=\"page\">\n\t\t\t\t<div class=\"elementor-element elementor-element-112aa00 e-flex e-con-boxed e-con e-parent\" data-id=\"112aa00\" data-element_type=\"container\" data-e-type=\"container\" data-settings=\"{&quot;background_background&quot;:&quot;classic&quot;}\">\n\t\t\t\t\t<div class=\"e-con-inner\">\n\t\t<div class=\"elementor-element elementor-element-1e0e707 e-con-full e-flex e-con e-child\" data-id=\"1e0e707\" data-element_type=\"container\" data-e-type=\"container\" data-settings=\"{&quot;background_background&quot;:&quot;classic&quot;}\">\n\t\t<div class=\"elementor-element elementor-element-de0853d e-con-full e-flex e-con e-child\" data-id=\"de0853d\" data-element_type=\"container\" data-e-type=\"container\">\n\t\t\t\t<div class=\"elementor-element elementor-element-0266246 elementor-widget-mobile__width-inherit elementor-widget elementor-widget-heading\" data-id=\"0266246\" data-element_type=\"widget\" data-e-type=\"widget\" data-widget_type=\"heading.default\">\n\t\t\t\t<div class=\"elementor-widget-container\">\n\t\t\t\t\t<h2 class=\"elementor-heading-title elementor-size-default\">Empowerment med PSYCH-K\u00ae<\/h2>\t\t\t\t<\/div>\n\t\t\t\t<\/div>\n\t\t\t\t<div class=\"elementor-element elementor-element-e3c29a2 elementor-widget elementor-widget-text-editor\" data-id=\"e3c29a2\" data-element_type=\"widget\" data-e-type=\"widget\" data-widget_type=\"text-editor.default\">\n\t\t\t\t<div class=\"elementor-widget-container\">\n\t\t\t\t\t\t\t\t\t<em>\u201cYou don\u2019t get what you wish for; you get what you believe.\u201d &#8211; Elizabeth Gilbert<\/em>\t\t\t\t\t\t\t\t<\/div>\n\t\t\t\t<\/div>\n\t\t\t\t<\/div>\n\t\t\t\t<div class=\"elementor-element elementor-element-2e53826 elementor-widget__width-initial elementor-widget-mobile__width-inherit elementor-widget elementor-widget-image\" data-id=\"2e53826\" data-element_type=\"widget\" data-e-type=\"widget\" data-widget_type=\"image.default\">\n\t\t\t\t<div class=\"elementor-widget-container\">\n\t\t\t\t\t\t\t\t\t\t\t\t\t\t\t<img fetchpriority=\"high\" decoding=\"async\" width=\"800\" height=\"800\" src=\"https:\/\/katerynakolkova.com\/wp-content\/uploads\/2025\/01\/PSYCH-K-PK-profile-pict-white-over-teal.png\" class=\"attachment-full size-full wp-image-1166\" alt=\"\" srcset=\"https:\/\/katerynakolkova.com\/wp-content\/uploads\/2025\/01\/PSYCH-K-PK-profile-pict-white-over-teal.png 800w, https:\/\/katerynakolkova.com\/wp-content\/uploads\/2025\/01\/PSYCH-K-PK-profile-pict-white-over-teal-300x300.png 300w, https:\/\/katerynakolkova.com\/wp-content\/uploads\/2025\/01\/PSYCH-K-PK-profile-pict-white-over-teal-150x150.png 150w, https:\/\/katerynakolkova.com\/wp-content\/uploads\/2025\/01\/PSYCH-K-PK-profile-pict-white-over-teal-768x768.png 768w, https:\/\/katerynakolkova.com\/wp-content\/uploads\/2025\/01\/PSYCH-K-PK-profile-pict-white-over-teal-12x12.png 12w\" sizes=\"(max-width: 800px) 100vw, 800px\" \/>\t\t\t\t\t\t\t\t\t\t\t\t\t\t\t<\/div>\n\t\t\t\t<\/div>\n\t\t\t\t<\/div>\n\t\t\t\t\t<\/div>\n\t\t\t\t<\/div>\n\t\t<div class=\"elementor-element elementor-element-37915e3 e-flex e-con-boxed e-con e-parent\" data-id=\"37915e3\" data-element_type=\"container\" data-e-type=\"container\">\n\t\t\t\t\t<div class=\"e-con-inner\">\n\t\t\t\t<div class=\"elementor-element elementor-element-e47b633 elementor-widget elementor-widget-heading\" data-id=\"e47b633\" data-element_type=\"widget\" data-e-type=\"widget\" data-widget_type=\"heading.default\">\n\t\t\t\t<div class=\"elementor-widget-container\">\n\t\t\t\t\t<h4 class=\"elementor-heading-title elementor-size-default\">Har du nogensinde spekuleret p\u00e5, hvorfor livet kan f\u00f8les som s\u00e5dan en kamp?<\/h4>\t\t\t\t<\/div>\n\t\t\t\t<\/div>\n\t\t\t\t<div class=\"elementor-element elementor-element-2b0f39d elementor-widget elementor-widget-text-editor\" data-id=\"2b0f39d\" data-element_type=\"widget\" data-e-type=\"widget\" data-widget_type=\"text-editor.default\">\n\t\t\t\t<div class=\"elementor-widget-container\">\n\t\t\t\t\t\t\t\t\t<p>Har du nogensinde f\u00f8lt dig fast i m\u00f8nstre, der holder dig tilbage, ude af stand til at bryde fri, uanset hvor meget du pr\u00f8ver?<\/p><p>M\u00e5ske bliver du ved med at ende i uopfyldte forhold p\u00e5 trods af dine bedste intentioner, eller du f\u00f8ler, at du l\u00f8ber i cirkler, konstant overv\u00e6ldet af tvivl om dig selv eller frygt for at fejle. Disse kampe kan f\u00e5 dig til at undre dig over, hvorfor din indsats aldrig ser ud til at producere de forandringer, du l\u00e6nges efter.<\/p><p>Svaret ligger i dine underbevidste overbevisninger de skjulte programmer i dit sind, der stille og roligt former dit liv, dine valg og dine forhold.<\/p>\t\t\t\t\t\t\t\t<\/div>\n\t\t\t\t<\/div>\n\t\t\t\t<div class=\"elementor-element elementor-element-11daf4b elementor-widget elementor-widget-heading\" data-id=\"11daf4b\" data-element_type=\"widget\" data-e-type=\"widget\" data-widget_type=\"heading.default\">\n\t\t\t\t<div class=\"elementor-widget-container\">\n\t\t\t\t\t<h5 class=\"elementor-heading-title elementor-size-default\">Hvorfor k\u00e6mper vi i livet og forholdet?<\/h5>\t\t\t\t<\/div>\n\t\t\t\t<\/div>\n\t\t\t\t<div class=\"elementor-element elementor-element-218f15e elementor-widget elementor-widget-text-editor\" data-id=\"218f15e\" data-element_type=\"widget\" data-e-type=\"widget\" data-widget_type=\"text-editor.default\">\n\t\t\t\t<div class=\"elementor-widget-container\">\n\t\t\t\t\t\t\t\t\t<p class=\"translation-block\">Vores kampe stammer ofte fra overbevisninger dannet i vores tidlige \u00e5r - l\u00e6nge f\u00f8r vi havde evnen til at t\u00e6nke kritisk eller endda forst\u00e5 sprog. Fra det \u00f8jeblik, vi bliver f\u00f8dt, begynder vi at danne overbevisninger baseret p\u00e5 vores erfaringer. For eksempel, hvis et barn konsekvent r\u00e6kker ud til deres mor for at f\u00e5 tr\u00f8st, men bliver m\u00f8dt med afvisning eller omsorgssvigt, kan det internalisere en tro som: \"Jeg er ikke v\u00e6rdig til k\u00e6rlighed.\" Disse overbevisninger bliver fastkoblet ind i vores underbevidste sind som neurale forbindelser, der p\u00e5virker, hvordan vi ser os selv, andre og verden.<\/p><p>Fordi disse overbevisninger er lagret i underbevidstheden, indser vi ofte ikke, at de er der. Mange er dannet under de nonverbale stadier af livet, f\u00f8r de fylder fire, hvilket g\u00f8r dem s\u00e6rligt vanskelige at identificere og \u00e6ndre med bevidst indsats alene. Det er derfor, at kampe kan f\u00f8les mystiske eller ul\u00f8selige, uanset hvor meget vi fors\u00f8ger at l\u00f8se dem logisk.<\/p>\t\t\t\t\t\t\t\t<\/div>\n\t\t\t\t<\/div>\n\t\t\t\t<div class=\"elementor-element elementor-element-3334ce8 elementor-widget elementor-widget-heading\" data-id=\"3334ce8\" data-element_type=\"widget\" data-e-type=\"widget\" data-widget_type=\"heading.default\">\n\t\t\t\t<div class=\"elementor-widget-container\">\n\t\t\t\t\t<h5 class=\"elementor-heading-title elementor-size-default\">Hvordan underbevidste overbevisninger former dit liv<\/h5>\t\t\t\t<\/div>\n\t\t\t\t<\/div>\n\t\t\t\t<div class=\"elementor-element elementor-element-d5fae14 elementor-widget elementor-widget-text-editor\" data-id=\"d5fae14\" data-element_type=\"widget\" data-e-type=\"widget\" data-widget_type=\"text-editor.default\">\n\t\t\t\t<div class=\"elementor-widget-container\">\n\t\t\t\t\t\t\t\t\t<p>Dine underbevidste overbevisninger er som dit sinds operativsystem. De p\u00e5virker 95 % af dine tanker, f\u00f8lelser og handlinger. Mens nogle overbevisninger styrker os, kan andre begr\u00e6nse os og for\u00e5rsage un\u00f8dvendig stress, angst eller utilfredshed. For eksempel:<\/p><ul><li>At f\u00f8le dig uv\u00e6rdig til succes kan forhindre dig i at forf\u00f8lge muligheder.<\/li><li>En tro p\u00e5, at forhold er usikre, kan f\u00f8re til f\u00f8lelsesm\u00e6ssige mure eller selvsabotage.<\/li><li>At internalisere ideen om, at du skal v\u00e6re perfekt for at blive elsket, kan resultere i kronisk overanstrengelse og udbr\u00e6ndthed.<\/li><\/ul><p>Men her er den gode nyhed: ligesom disse overbevisninger blev skabt, kan de ogs\u00e5 \u00e6ndres.<\/p>\t\t\t\t\t\t\t\t<\/div>\n\t\t\t\t<\/div>\n\t\t\t\t<div class=\"elementor-element elementor-element-02a2180 elementor-widget elementor-widget-heading\" data-id=\"02a2180\" data-element_type=\"widget\" data-e-type=\"widget\" data-widget_type=\"heading.default\">\n\t\t\t\t<div class=\"elementor-widget-container\">\n\t\t\t\t\t<h5 class=\"elementor-heading-title elementor-size-default\">Hvad er PSYCH-K\u00ae?<\/h5>\t\t\t\t<\/div>\n\t\t\t\t<\/div>\n\t\t\t\t<div class=\"elementor-element elementor-element-6001f6f elementor-widget elementor-widget-text-editor\" data-id=\"6001f6f\" data-element_type=\"widget\" data-e-type=\"widget\" data-widget_type=\"text-editor.default\">\n\t\t\t\t<div class=\"elementor-widget-container\">\n\t\t\t\t\t\t\t\t\t<p>PSYCH-K\u00ae er en gennempr\u00f8vet metode, der hj\u00e6lper dig med at identificere og omprogrammere begr\u00e6nsende underbevidste overbevisninger hurtigt og effektivt. Det aktiverer neuroplasticitet - hjernens evne til at danne nye forbindelser - ved hj\u00e6lp af enkle, men kraftfulde processer til at skabe balance mellem venstre og h\u00f8jre hjernehalvdel. Denne integration giver dit sind mulighed for at omfavne styrkende overbevisninger og \u00e5bne nye muligheder i dit liv.<\/p><p><strong>Hvad PSYCH-K\u00ae ikke er:<\/strong><\/p><ul><li>Det er ikke samtaleterapi eller et hurtigt fix uden handling.<\/li><li>Den diagnosticerer eller behandler ikke medicinske tilstande.<\/li><li>Det handler ikke om at analysere fortiden det handler om at transformere din fremtid.<\/li><\/ul><p><strong>Hvad betyder integration for dig? Du bliver hel igen<\/strong><\/p><p>I livet undertrykker vi ofte kvaliteter, som vi eller andre anser for uacceptable, og fragmenterer vores sande Jeg. PSYCH-K\u00ae hj\u00e6lper med at genintegrere disse undertrykte kvaliteter, s\u00e5 du kan f\u00e5 adgang til en bredere r\u00e6kke af f\u00f8lelser, styrker og perspektiver. Denne helhed giver dig mulighed for at leve autentisk, skabe n\u00e6rende relationer og opleve st\u00f8rre gl\u00e6de, selvrealisering og form\u00e5l.<\/p>\t\t\t\t\t\t\t\t<\/div>\n\t\t\t\t<\/div>\n\t\t\t\t<div class=\"elementor-element elementor-element-adc1fa3 elementor-widget elementor-widget-heading\" data-id=\"adc1fa3\" data-element_type=\"widget\" data-e-type=\"widget\" data-widget_type=\"heading.default\">\n\t\t\t\t<div class=\"elementor-widget-container\">\n\t\t\t\t\t<h5 class=\"elementor-heading-title elementor-size-default\">Hvordan virker PSYCH-K\u00ae?<\/h5>\t\t\t\t<\/div>\n\t\t\t\t<\/div>\n\t\t\t\t<div class=\"elementor-element elementor-element-007736c elementor-widget elementor-widget-text-editor\" data-id=\"007736c\" data-element_type=\"widget\" data-e-type=\"widget\" data-widget_type=\"text-editor.default\">\n\t\t\t\t<div class=\"elementor-widget-container\">\n\t\t\t\t\t\t\t\t\t<p>Fra undfangelsen og fremefter skaber vores hjerner neurale forbindelser baseret p\u00e5 gentagne oplevelser og danner overbevisninger, der styrer vores reaktioner og valg. Denne proces er kendt som neuroplasticitet. PSYCH-K\u00ae udnytter denne evne ved at engagere dit underbevidste sind direkte, omg\u00e5 modstand og lade nye bemyndigende overbevisninger sl\u00e5 rod.<\/p>\t\t\t\t\t\t\t\t<\/div>\n\t\t\t\t<\/div>\n\t\t\t\t<div class=\"elementor-element elementor-element-7f83faa elementor-widget elementor-widget-heading\" data-id=\"7f83faa\" data-element_type=\"widget\" data-e-type=\"widget\" data-widget_type=\"heading.default\">\n\t\t\t\t<div class=\"elementor-widget-container\">\n\t\t\t\t\t<h5 class=\"elementor-heading-title elementor-size-default\">Hvad sker der under en PSYCH-K\u00ae-session?<\/h5>\t\t\t\t<\/div>\n\t\t\t\t<\/div>\n\t\t\t\t<div class=\"elementor-element elementor-element-9a9c597 elementor-widget elementor-widget-text-editor\" data-id=\"9a9c597\" data-element_type=\"widget\" data-e-type=\"widget\" data-widget_type=\"text-editor.default\">\n\t\t\t\t<div class=\"elementor-widget-container\">\n\t\t\t\t\t\t\t\t\t<p>Fra undfangelsen og fremefter skaber vores hjerner neurale forbindelser baseret p\u00e5 gentagne oplevelser og danner overbevisninger, der styrer vores reaktioner og valg. Denne proces er kendt som neuroplasticitet. PSYCH-K\u00ae udnytter denne evne ved at engagere dit underbevidste sind direkte, omg\u00e5 modstand og lade nye bemyndigende overbevisninger sl\u00e5 rod.<\/p><p><strong>Afklaring af dine m\u00e5l<br \/><\/strong>Vi begynder med at identificere den specifikke udfordring, du \u00f8nsker at l\u00f8se, og den tro, du \u00f8nsker at transformere.<\/p><p><strong>Afd\u00e6kning af mostand<\/strong> <br \/>Ved hj\u00e6lp af muskeltestning og andre PSYCH-K\u00ae-teknikker afd\u00e6kker vi enhver underbevidst modstand og etablerer en ny tro, der stemmer overens med dine m\u00e5l.<\/p><p><strong>Skab styrkende overbevisninger<br \/><\/strong>Gennem specifikke processer omkoder vi din hjerne og skaber nye neurale forbindelser. Dette aktiverer nyt potentiale, som yderligere frig\u00f8res gennem et handlingstrin.<\/p><p><strong>Handlingstrin<br \/><\/strong>Sammen skaber vi praktiske, enkle handlingstrin for at komme t\u00e6ttere p\u00e5 det liv, du \u00f8nsker. Disse handlinger hj\u00e6lper med at aktivere dine nye overbevisninger og integrere dem i din daglige virkelighed.<\/p>\t\t\t\t\t\t\t\t<\/div>\n\t\t\t\t<\/div>\n\t\t\t\t<div class=\"elementor-element elementor-element-a36a58c elementor-widget elementor-widget-heading\" data-id=\"a36a58c\" data-element_type=\"widget\" data-e-type=\"widget\" data-widget_type=\"heading.default\">\n\t\t\t\t<div class=\"elementor-widget-container\">\n\t\t\t\t\t<h5 class=\"elementor-heading-title elementor-size-default\">Forberedelse til en PSYCH-K\u00ae session<\/h5>\t\t\t\t<\/div>\n\t\t\t\t<\/div>\n\t\t\t\t<div class=\"elementor-element elementor-element-f38a92a elementor-widget elementor-widget-text-editor\" data-id=\"f38a92a\" data-element_type=\"widget\" data-e-type=\"widget\" data-widget_type=\"text-editor.default\">\n\t\t\t\t<div class=\"elementor-widget-container\">\n\t\t\t\t\t\t\t\t\t<p>For at f\u00e5 mest muligt ud af din session:<\/p><ul><li>Ankom med et \u00e5bent sind og en vilje til at udforske nye muligheder.<\/li><li>Overvej omr\u00e5der af dit liv, hvor du f\u00f8ler dig fastl\u00e5st eller begr\u00e6nset.<\/li><li>Reflekter over, hvordan du gerne vil have dit liv til at \u00e6ndre sig, og bring en f\u00f8lelse af nysgerrighed og parathed til transformation.<\/li><\/ul><p>Du kan ogs\u00e5 medbringe en liste over potentielle overbevisninger eller m\u00e5l. For eksempel, i stedet for \"jeg vil holde op med at f\u00f8le angst\", t\u00e6nk p\u00e5, hvordan du vil have det, s\u00e5som \"Jeg f\u00f8ler mig rolig og selvsikker i udfordrende situationer.\" Denne klarhed hj\u00e6lper os med at skabe kraftfulde nye overbevisninger.<\/p>\t\t\t\t\t\t\t\t<\/div>\n\t\t\t\t<\/div>\n\t\t\t\t<div class=\"elementor-element elementor-element-dbde1b0 elementor-widget elementor-widget-heading\" data-id=\"dbde1b0\" data-element_type=\"widget\" data-e-type=\"widget\" data-widget_type=\"heading.default\">\n\t\t\t\t<div class=\"elementor-widget-container\">\n\t\t\t\t\t<h5 class=\"elementor-heading-title elementor-size-default\">Hvilke livsomr\u00e5der kan PSYCH-K\u00ae hj\u00e6lpe med?<\/h5>\t\t\t\t<\/div>\n\t\t\t\t<\/div>\n\t\t\t\t<div class=\"elementor-element elementor-element-55095a8 elementor-widget elementor-widget-text-editor\" data-id=\"55095a8\" data-element_type=\"widget\" data-e-type=\"widget\" data-widget_type=\"text-editor.default\">\n\t\t\t\t<div class=\"elementor-widget-container\">\n\t\t\t\t\t\t\t\t\t<p>Da vores overbevisninger former alle aspekter af vores liv, kan PSYCH-K\u00ae underst\u00f8tte transformation i:<\/p><p><strong>Relationer:<br \/><\/strong>Helbrede konfliktm\u00f8nstre, forbedre kommunikationen og skabe dybere forbindelser.<\/p><p><strong>Selvv\u00e6rd:<br \/><\/strong>Slip selvtvivl, skyld og skam for at opbygge selvtillid.<\/p><p><strong>Sundhed:<br \/><\/strong>Tag fat i begr\u00e6nsende overbevisninger om velv\u00e6re og aktiv\u00e9r sind-krop-forbindelsen til helbredelse.<\/p><p><strong>Karriere:<br \/><\/strong>Overvind frygten for fiasko eller succes, og tr\u00e6d ind i dit fulde potentiale.<\/p><p><strong>Stressh\u00e5ndtering:<br \/><\/strong>Giv slip p\u00e5 angsten og skab indre ro.<\/p><p><strong>Personlig v\u00e6kst:<br \/><\/strong>Omfavn autenticitet, gl\u00e6de og form\u00e5l.<\/p>\t\t\t\t\t\t\t\t<\/div>\n\t\t\t\t<\/div>\n\t\t\t\t<div class=\"elementor-element elementor-element-bc070f4 elementor-widget elementor-widget-heading\" data-id=\"bc070f4\" data-element_type=\"widget\" data-e-type=\"widget\" data-widget_type=\"heading.default\">\n\t\t\t\t<div class=\"elementor-widget-container\">\n\t\t\t\t\t<h5 class=\"elementor-heading-title elementor-size-default\">Tag det f\u00f8rste skridt mod transformation<\/h5>\t\t\t\t<\/div>\n\t\t\t\t<\/div>\n\t\t\t\t<div class=\"elementor-element elementor-element-cfb18c9 elementor-widget elementor-widget-text-editor\" data-id=\"cfb18c9\" data-element_type=\"widget\" data-e-type=\"widget\" data-widget_type=\"text-editor.default\">\n\t\t\t\t<div class=\"elementor-widget-container\">\n\t\t\t\t\t\t\t\t\t<p>Hvis du er klar til at opleve den frihed og empowerment, som PSYCH-K\u00ae tilbyder, s\u00e5 lad os forbinde.<\/p>\t\t\t\t\t\t\t\t<\/div>\n\t\t\t\t<\/div>\n\t\t\t\t<div class=\"elementor-element elementor-element-b435365 elementor-align-right btn-clr elementor-widget elementor-widget-button\" data-id=\"b435365\" data-element_type=\"widget\" data-e-type=\"widget\" data-widget_type=\"button.default\">\n\t\t\t\t<div class=\"elementor-widget-container\">\n\t\t\t\t\t\t\t\t\t<div class=\"elementor-button-wrapper\">\n\t\t\t\t\t<a class=\"elementor-button elementor-button-link elementor-size-xs\" href=\"https:\/\/calendly.com\/kolkova-kateryna\" target=\"_blank\">\n\t\t\t\t\t\t<span class=\"elementor-button-content-wrapper\">\n\t\t\t\t\t\t<span class=\"elementor-button-icon\">\n\t\t\t\t<svg xmlns=\"http:\/\/www.w3.org\/2000\/svg\" width=\"39\" height=\"38\" viewbox=\"0 0 39 38\" fill=\"none\"><path d=\"M38.5 19C38.5 29.2051 30.0057 37.5 19.5 37.5C8.99427 37.5 0.5 29.2051 0.5 19C0.5 8.7949 8.99427 0.5 19.5 0.5C30.0057 0.5 38.5 8.7949 38.5 19Z\" stroke=\"white\"><\/path><path d=\"M27.9736 19.2478C28.019 19.2188 28.0565 19.1788 28.0824 19.1316C28.1083 19.0843 28.1219 19.0312 28.1219 18.9773C28.1219 18.9234 28.1083 18.8704 28.0824 18.8231C28.0565 18.7758 28.019 18.7359 27.9736 18.7069L14.3706 10.0343C14.3282 10.0075 14.2778 9.99584 14.2279 10.0013C14.178 10.0068 14.1314 10.0291 14.0957 10.0645C14.0601 10.0999 14.0375 10.1463 14.0317 10.1963C14.0259 10.2462 14.0372 10.2966 14.0637 10.3392L19.3067 18.6848C19.3618 18.7724 19.391 18.8738 19.391 18.9773C19.391 19.0808 19.3618 19.1822 19.3067 19.2698L14.0507 27.6361C13.899 27.8776 14.1195 28.0805 14.2955 27.9682L27.9736 19.2478Z\" fill=\"white\"><\/path><\/svg>\t\t\t<\/span>\n\t\t\t\t\t\t\t\t\t<span class=\"elementor-button-text\">Schedule Your Free Strategy Session<\/span>\n\t\t\t\t\t<\/span>\n\t\t\t\t\t<\/a>\n\t\t\t\t<\/div>\n\t\t\t\t\t\t\t\t<\/div>\n\t\t\t\t<\/div>\n\t\t\t\t<div class=\"elementor-element elementor-element-21097e0 elementor-widget elementor-widget-text-editor\" data-id=\"21097e0\" data-element_type=\"widget\" data-e-type=\"widget\" data-widget_type=\"text-editor.default\">\n\t\t\t\t<div class=\"elementor-widget-container\">\n\t\t\t\t\t\t\t\t\t<p>Eller udforsk en personlig coachingpakke for at dykke dybere ned i varig transformation:<\/p>\t\t\t\t\t\t\t\t<\/div>\n\t\t\t\t<\/div>\n\t\t<div class=\"elementor-element elementor-element-371d455 e-con-full e-flex e-con e-child\" data-id=\"371d455\" data-element_type=\"container\" data-e-type=\"container\">\n\t\t\t\t<div class=\"elementor-element elementor-element-9a6981a elementor-align-right elementor-mobile-align-left elementor-widget-mobile__width-inherit btn-clr elementor-widget elementor-widget-button\" data-id=\"9a6981a\" data-element_type=\"widget\" data-e-type=\"widget\" data-widget_type=\"button.default\">\n\t\t\t\t<div class=\"elementor-widget-container\">\n\t\t\t\t\t\t\t\t\t<div class=\"elementor-button-wrapper\">\n\t\t\t\t\t<a class=\"elementor-button elementor-button-link elementor-size-xs\" href=\"https:\/\/buy.stripe.com\/14keWD6wG9wVc5G9AJ\" target=\"_blank\">\n\t\t\t\t\t\t<span class=\"elementor-button-content-wrapper\">\n\t\t\t\t\t\t<span class=\"elementor-button-icon\">\n\t\t\t\t<svg xmlns=\"http:\/\/www.w3.org\/2000\/svg\" width=\"39\" height=\"38\" viewbox=\"0 0 39 38\" fill=\"none\"><path d=\"M38.5 19C38.5 29.2051 30.0057 37.5 19.5 37.5C8.99427 37.5 0.5 29.2051 0.5 19C0.5 8.7949 8.99427 0.5 19.5 0.5C30.0057 0.5 38.5 8.7949 38.5 19Z\" stroke=\"white\"><\/path><path d=\"M27.9736 19.2478C28.019 19.2188 28.0565 19.1788 28.0824 19.1316C28.1083 19.0843 28.1219 19.0312 28.1219 18.9773C28.1219 18.9234 28.1083 18.8704 28.0824 18.8231C28.0565 18.7758 28.019 18.7359 27.9736 18.7069L14.3706 10.0343C14.3282 10.0075 14.2778 9.99584 14.2279 10.0013C14.178 10.0068 14.1314 10.0291 14.0957 10.0645C14.0601 10.0999 14.0375 10.1463 14.0317 10.1963C14.0259 10.2462 14.0372 10.2966 14.0637 10.3392L19.3067 18.6848C19.3618 18.7724 19.391 18.8738 19.391 18.9773C19.391 19.0808 19.3618 19.1822 19.3067 19.2698L14.0507 27.6361C13.899 27.8776 14.1195 28.0805 14.2955 27.9682L27.9736 19.2478Z\" fill=\"white\"><\/path><\/svg>\t\t\t<\/span>\n\t\t\t\t\t\t\t\t\t<span class=\"elementor-button-text\">PSYCH-K 1 session<\/span>\n\t\t\t\t\t<\/span>\n\t\t\t\t\t<\/a>\n\t\t\t\t<\/div>\n\t\t\t\t\t\t\t\t<\/div>\n\t\t\t\t<\/div>\n\t\t\t\t<div class=\"elementor-element elementor-element-94bec14 elementor-align-right elementor-mobile-align-left elementor-widget-mobile__width-inherit btn-clr elementor-widget elementor-widget-button\" data-id=\"94bec14\" data-element_type=\"widget\" data-e-type=\"widget\" data-widget_type=\"button.default\">\n\t\t\t\t<div class=\"elementor-widget-container\">\n\t\t\t\t\t\t\t\t\t<div class=\"elementor-button-wrapper\">\n\t\t\t\t\t<a class=\"elementor-button elementor-button-link elementor-size-xs\" href=\"https:\/\/buy.stripe.com\/5kA9Cj3ku7oN6Lm7sw\" target=\"_blank\">\n\t\t\t\t\t\t<span class=\"elementor-button-content-wrapper\">\n\t\t\t\t\t\t<span class=\"elementor-button-icon\">\n\t\t\t\t<svg xmlns=\"http:\/\/www.w3.org\/2000\/svg\" width=\"39\" height=\"38\" viewbox=\"0 0 39 38\" fill=\"none\"><path d=\"M38.5 19C38.5 29.2051 30.0057 37.5 19.5 37.5C8.99427 37.5 0.5 29.2051 0.5 19C0.5 8.7949 8.99427 0.5 19.5 0.5C30.0057 0.5 38.5 8.7949 38.5 19Z\" stroke=\"white\"><\/path><path d=\"M27.9736 19.2478C28.019 19.2188 28.0565 19.1788 28.0824 19.1316C28.1083 19.0843 28.1219 19.0312 28.1219 18.9773C28.1219 18.9234 28.1083 18.8704 28.0824 18.8231C28.0565 18.7758 28.019 18.7359 27.9736 18.7069L14.3706 10.0343C14.3282 10.0075 14.2778 9.99584 14.2279 10.0013C14.178 10.0068 14.1314 10.0291 14.0957 10.0645C14.0601 10.0999 14.0375 10.1463 14.0317 10.1963C14.0259 10.2462 14.0372 10.2966 14.0637 10.3392L19.3067 18.6848C19.3618 18.7724 19.391 18.8738 19.391 18.9773C19.391 19.0808 19.3618 19.1822 19.3067 19.2698L14.0507 27.6361C13.899 27.8776 14.1195 28.0805 14.2955 27.9682L27.9736 19.2478Z\" fill=\"white\"><\/path><\/svg>\t\t\t<\/span>\n\t\t\t\t\t\t\t\t\t<span class=\"elementor-button-text\">PSYCH-K 3 x sessions<\/span>\n\t\t\t\t\t<\/span>\n\t\t\t\t\t<\/a>\n\t\t\t\t<\/div>\n\t\t\t\t\t\t\t\t<\/div>\n\t\t\t\t<\/div>\n\t\t\t\t<div class=\"elementor-element elementor-element-e062fb2 elementor-align-right elementor-mobile-align-left elementor-widget-mobile__width-inherit btn-clr elementor-widget elementor-widget-button\" data-id=\"e062fb2\" data-element_type=\"widget\" data-e-type=\"widget\" data-widget_type=\"button.default\">\n\t\t\t\t<div class=\"elementor-widget-container\">\n\t\t\t\t\t\t\t\t\t<div class=\"elementor-button-wrapper\">\n\t\t\t\t\t<a class=\"elementor-button elementor-button-link elementor-size-xs\" href=\"https:\/\/buy.stripe.com\/3cs6q7cV410pedO149\" target=\"_blank\">\n\t\t\t\t\t\t<span class=\"elementor-button-content-wrapper\">\n\t\t\t\t\t\t<span class=\"elementor-button-icon\">\n\t\t\t\t<svg xmlns=\"http:\/\/www.w3.org\/2000\/svg\" width=\"39\" height=\"38\" viewbox=\"0 0 39 38\" fill=\"none\"><path d=\"M38.5 19C38.5 29.2051 30.0057 37.5 19.5 37.5C8.99427 37.5 0.5 29.2051 0.5 19C0.5 8.7949 8.99427 0.5 19.5 0.5C30.0057 0.5 38.5 8.7949 38.5 19Z\" stroke=\"white\"><\/path><path d=\"M27.9736 19.2478C28.019 19.2188 28.0565 19.1788 28.0824 19.1316C28.1083 19.0843 28.1219 19.0312 28.1219 18.9773C28.1219 18.9234 28.1083 18.8704 28.0824 18.8231C28.0565 18.7758 28.019 18.7359 27.9736 18.7069L14.3706 10.0343C14.3282 10.0075 14.2778 9.99584 14.2279 10.0013C14.178 10.0068 14.1314 10.0291 14.0957 10.0645C14.0601 10.0999 14.0375 10.1463 14.0317 10.1963C14.0259 10.2462 14.0372 10.2966 14.0637 10.3392L19.3067 18.6848C19.3618 18.7724 19.391 18.8738 19.391 18.9773C19.391 19.0808 19.3618 19.1822 19.3067 19.2698L14.0507 27.6361C13.899 27.8776 14.1195 28.0805 14.2955 27.9682L27.9736 19.2478Z\" fill=\"white\"><\/path><\/svg>\t\t\t<\/span>\n\t\t\t\t\t\t\t\t\t<span class=\"elementor-button-text\">PSYCH-K 5 x sessions<\/span>\n\t\t\t\t\t<\/span>\n\t\t\t\t\t<\/a>\n\t\t\t\t<\/div>\n\t\t\t\t\t\t\t\t<\/div>\n\t\t\t\t<\/div>\n\t\t\t\t<\/div>\n\t\t\t\t\t<\/div>\n\t\t\t\t<\/div>\n\t\t\t\t<\/div>","protected":false},"excerpt":{"rendered":"<p>Empowerment with PSYCH-K\u00ae \u201cYou don\u2019t get what you wish for; you get what you believe.\u201d &#8211; Elizabeth Gilbert Have You Ever Wondered Why Life Can Feel Like Such a Struggle? Have you ever felt stuck in patterns that hold you back, unable to break free no matter how hard you try? Maybe you keep ending [&hellip;]<\/p>","protected":false},"author":1,"featured_media":0,"parent":0,"menu_order":40,"comment_status":"closed","ping_status":"closed","template":"elementor_header_footer","meta":{"footnotes":""},"class_list":["post-16","page","type-page","status-publish","hentry"],"_links":{"self":[{"href":"https:\/\/katerynakolkova.com\/da\/wp-json\/wp\/v2\/pages\/16","targetHints":{"allow":["GET"]}}],"collection":[{"href":"https:\/\/katerynakolkova.com\/da\/wp-json\/wp\/v2\/pages"}],"about":[{"href":"https:\/\/katerynakolkova.com\/da\/wp-json\/wp\/v2\/types\/page"}],"author":[{"embeddable":true,"href":"https:\/\/katerynakolkova.com\/da\/wp-json\/wp\/v2\/users\/1"}],"replies":[{"embeddable":true,"href":"https:\/\/katerynakolkova.com\/da\/wp-json\/wp\/v2\/comments?post=16"}],"version-history":[{"count":110,"href":"https:\/\/katerynakolkova.com\/da\/wp-json\/wp\/v2\/pages\/16\/revisions"}],"predecessor-version":[{"id":1694,"href":"https:\/\/katerynakolkova.com\/da\/wp-json\/wp\/v2\/pages\/16\/revisions\/1694"}],"wp:attachment":[{"href":"https:\/\/katerynakolkova.com\/da\/wp-json\/wp\/v2\/media?parent=16"}],"curies":[{"name":"wp","href":"https:\/\/api.w.org\/{rel}","templated":true}]}}