{"id":18,"date":"2024-12-31T06:13:19","date_gmt":"2024-12-31T06:13:19","guid":{"rendered":"https:\/\/katerynakolkova.com\/change-your-life-with-magnetic-recode\/"},"modified":"2025-01-13T04:31:42","modified_gmt":"2025-01-13T04:31:42","slug":"change-your-life-with-magnetic-recode","status":"publish","type":"page","link":"https:\/\/katerynakolkova.com\/da\/change-your-life-with-magnetic-recode\/","title":{"rendered":"Skift dit liv med Magnetic Recode"},"content":{"rendered":"<div data-elementor-type=\"wp-page\" data-elementor-id=\"18\" class=\"elementor elementor-18\" data-elementor-post-type=\"page\">\n\t\t\t\t<div class=\"elementor-element elementor-element-3c81a17 e-flex e-con-boxed e-con e-parent\" data-id=\"3c81a17\" data-element_type=\"container\" data-e-type=\"container\" data-settings=\"{&quot;background_background&quot;:&quot;classic&quot;}\">\n\t\t\t\t\t<div class=\"e-con-inner\">\n\t\t<div class=\"elementor-element elementor-element-0f1ce59 e-con-full e-flex e-con e-child\" data-id=\"0f1ce59\" data-element_type=\"container\" data-e-type=\"container\" data-settings=\"{&quot;background_background&quot;:&quot;classic&quot;}\">\n\t\t<div class=\"elementor-element elementor-element-14fb01a e-con-full e-flex e-con e-child\" data-id=\"14fb01a\" data-element_type=\"container\" data-e-type=\"container\">\n\t\t\t\t<div class=\"elementor-element elementor-element-34d5e81 elementor-widget__width-inherit elementor-widget-mobile__width-inherit elementor-widget elementor-widget-heading\" data-id=\"34d5e81\" data-element_type=\"widget\" data-e-type=\"widget\" data-widget_type=\"heading.default\">\n\t\t\t\t<div class=\"elementor-widget-container\">\n\t\t\t\t\t<h2 class=\"elementor-heading-title elementor-size-default\">Skift dit liv med Magnetic Recode<\/h2>\t\t\t\t<\/div>\n\t\t\t\t<\/div>\n\t\t\t\t<div class=\"elementor-element elementor-element-15a6123 elementor-widget elementor-widget-text-editor\" data-id=\"15a6123\" data-element_type=\"widget\" data-e-type=\"widget\" data-widget_type=\"text-editor.default\">\n\t\t\t\t<div class=\"elementor-widget-container\">\n\t\t\t\t\t\t\t\t\t<em>\u201cYou are more than your thoughts, your body, or your feelings. You are a swirling vortex of<\/em>\n<em>limitless potential who is here to shake things up and create something new that the universe<\/em>\n<em>has never seen.\u201d &#8211; Dr. Richard Bartlett<\/em>\t\t\t\t\t\t\t\t<\/div>\n\t\t\t\t<\/div>\n\t\t\t\t<\/div>\n\t\t\t\t<div class=\"elementor-element elementor-element-2b41902 elementor-widget__width-initial elementor-widget-mobile__width-inherit elementor-widget elementor-widget-image\" data-id=\"2b41902\" data-element_type=\"widget\" data-e-type=\"widget\" data-widget_type=\"image.default\">\n\t\t\t\t<div class=\"elementor-widget-container\">\n\t\t\t\t\t\t\t\t\t\t\t\t\t\t\t<img fetchpriority=\"high\" decoding=\"async\" width=\"1000\" height=\"962\" src=\"https:\/\/katerynakolkova.com\/wp-content\/uploads\/2025\/01\/Magnetic-Mind_logo-emblem_big-v2-1.webp\" class=\"attachment-full size-full wp-image-1353\" alt=\"\" srcset=\"https:\/\/katerynakolkova.com\/wp-content\/uploads\/2025\/01\/Magnetic-Mind_logo-emblem_big-v2-1.webp 1000w, https:\/\/katerynakolkova.com\/wp-content\/uploads\/2025\/01\/Magnetic-Mind_logo-emblem_big-v2-1-300x289.webp 300w, https:\/\/katerynakolkova.com\/wp-content\/uploads\/2025\/01\/Magnetic-Mind_logo-emblem_big-v2-1-768x739.webp 768w, https:\/\/katerynakolkova.com\/wp-content\/uploads\/2025\/01\/Magnetic-Mind_logo-emblem_big-v2-1-12x12.webp 12w\" sizes=\"(max-width: 1000px) 100vw, 1000px\" \/>\t\t\t\t\t\t\t\t\t\t\t\t\t\t\t<\/div>\n\t\t\t\t<\/div>\n\t\t\t\t<\/div>\n\t\t\t\t\t<\/div>\n\t\t\t\t<\/div>\n\t\t<div class=\"elementor-element elementor-element-fdb4530 e-flex e-con-boxed e-con e-parent\" data-id=\"fdb4530\" data-element_type=\"container\" data-e-type=\"container\">\n\t\t\t\t\t<div class=\"e-con-inner\">\n\t\t\t\t<div class=\"elementor-element elementor-element-544ccf7 elementor-widget elementor-widget-heading\" data-id=\"544ccf7\" data-element_type=\"widget\" data-e-type=\"widget\" data-widget_type=\"heading.default\">\n\t\t\t\t<div class=\"elementor-widget-container\">\n\t\t\t\t\t<h2 class=\"elementor-heading-title elementor-size-default\">Lever du dit bedste liv?<\/h2>\t\t\t\t<\/div>\n\t\t\t\t<\/div>\n\t\t\t\t<div class=\"elementor-element elementor-element-5447970 elementor-widget elementor-widget-text-editor\" data-id=\"5447970\" data-element_type=\"widget\" data-e-type=\"widget\" data-widget_type=\"text-editor.default\">\n\t\t\t\t<div class=\"elementor-widget-container\">\n\t\t\t\t\t\t\t\t\t<p>Har du nogensinde f\u00f8lt dig fast i en endel\u00f8s cyklus af frustration, stress eller udmattelse? Oplever du, at du konstant jager efter validering eller fred, men n\u00e5r det aldrig helt? Mange af os skaber ubevidst liv centreret omkring en af seks begr\u00e6nsende strukturer:<\/p>\t\t\t\t\t\t\t\t<\/div>\n\t\t\t\t<\/div>\n\t\t\t\t<div class=\"elementor-element elementor-element-af447ef elementor-widget elementor-widget-text-editor\" data-id=\"af447ef\" data-element_type=\"widget\" data-e-type=\"widget\" data-widget_type=\"text-editor.default\">\n\t\t\t\t<div class=\"elementor-widget-container\">\n\t\t\t\t\t\t\t\t\t<p><strong>Jeg er ikke god nok:<br \/><\/strong>Fors\u00f8ger altid at bevise eller l\u00e6re mere.<\/p><p><strong>Jeg er ikke v\u00e6rdig:<\/strong><\/p><p>Str\u00e6ber konstant efter at fortjene.<\/p><p><strong>Jeg er ikke betydningsfuld:<\/strong><\/p><p>S\u00f8ger efter status eller anerkendelse.<\/p><p><strong>Jeg h\u00f8rer ikke til:<\/strong><\/p><p>Fors\u00f8ger at passe ind og tilpasser sig til andre.<\/p><p><strong>Jeg er ikke perfekt:<br \/><\/strong>Konstant forbedring uden at bev\u00e6ge sig frem til et m\u00e5l.<\/p><p><strong>Jeg kan ikke:<br \/><\/strong>L\u00e6rer konstant at kompensere.<\/p><p>Disse strukturer former vores identiteter og dominerer vores fokus. Vi tror p\u00e5, at vi skal \"rette\" os selv, f\u00f8r vi kan opn\u00e5 lykke, succes eller k\u00e6rlighed. Men her er sandheden: du kan ikke l\u00f8se dig ud af disse strukturer, fordi de er forankret i din identitet. For at opleve \u00e6gte transformation skal du \u00e6ndre din orientering fuldst\u00e6ndigt.<\/p>\t\t\t\t\t\t\t\t<\/div>\n\t\t\t\t<\/div>\n\t\t\t\t<div class=\"elementor-element elementor-element-9dcd12c elementor-widget elementor-widget-heading\" data-id=\"9dcd12c\" data-element_type=\"widget\" data-e-type=\"widget\" data-widget_type=\"heading.default\">\n\t\t\t\t<div class=\"elementor-widget-container\">\n\t\t\t\t\t<h2 class=\"elementor-heading-title elementor-size-default\">Hvorfor vi k\u00e6mper: Problemorienteringen<\/h2>\t\t\t\t<\/div>\n\t\t\t\t<\/div>\n\t\t\t\t<div class=\"elementor-element elementor-element-fd6f9f2 elementor-widget elementor-widget-text-editor\" data-id=\"fd6f9f2\" data-element_type=\"widget\" data-e-type=\"widget\" data-widget_type=\"text-editor.default\">\n\t\t\t\t<div class=\"elementor-widget-container\">\n\t\t\t\t\t\t\t\t\t<p>N\u00e5r du fors\u00f8ger at skabe et bedre liv ved at l\u00f8se et problem, er din opm\u00e6rksomhed fokuseret p\u00e5 det, du ikke \u00f8nsker. Dette fokus fastholder netop det, du fors\u00f8ger at undslippe. Det er derfor, at l\u00f8sning af problemer aldrig rigtig fungerer. Du siger m\u00e5ske: \"Jeg vil have et godt forhold\", men under det fors\u00f8ger du at l\u00f8se et dybere behov at h\u00f8re til, f\u00f8le dig v\u00e6rdig eller bevise, at du er nok.<\/p><p>Denne tilgang er udmattende og frugtesl\u00f8s, fordi den holder dig fanget i en cyklus af mangel. I stedet for at skabe det liv, du \u00f8nsker, genskaber du problemet igen og igen. Hvad hvis der var en anden m\u00e5de?<\/p>\t\t\t\t\t\t\t\t<\/div>\n\t\t\t\t<\/div>\n\t\t\t\t<div class=\"elementor-element elementor-element-ef9755d elementor-widget elementor-widget-heading\" data-id=\"ef9755d\" data-element_type=\"widget\" data-e-type=\"widget\" data-widget_type=\"heading.default\">\n\t\t\t\t<div class=\"elementor-widget-container\">\n\t\t\t\t\t<h2 class=\"elementor-heading-title elementor-size-default\">Skift til at bliver en skaber af dit liv<\/h2>\t\t\t\t<\/div>\n\t\t\t\t<\/div>\n\t\t\t\t<div class=\"elementor-element elementor-element-acced92 elementor-widget elementor-widget-text-editor\" data-id=\"acced92\" data-element_type=\"widget\" data-e-type=\"widget\" data-widget_type=\"text-editor.default\">\n\t\t\t\t<div class=\"elementor-widget-container\">\n\t\t\t\t\t\t\t\t\t<p>Hvad hvis du kunne tr\u00e6de ind i et liv drevet af muligheder i stedet for begr\u00e6nsning? N\u00e5r du fokuserer p\u00e5 at skabe noget, du elsker, \u00e6ndrer du din energi. Skabelsen handler ikke om at fikse; det handler om at f\u00e5 noget til at eksistere, fordi det ophidser og inspirerer dig. I denne tilstand er din opm\u00e6rksomhed fuldt ud p\u00e5 din skabelse, og modstanden smelter v\u00e6k.<\/p><p>Forestil dig, at du v\u00e6lger at skabe et blomstrende forhold, simpelthen fordi du elsker forbindelse, snarere end fordi du f\u00f8ler dig ufuldst\u00e6ndig. Eller opbygge en karriere, der begejstrer dig \u2013 ikke for at bevise dit v\u00e6rd, men fordi du br\u00e6nder for dit arbejde. N\u00e5r du anl\u00e6gger en skabelsesorientering, frig\u00f8r du dig selv fra de begr\u00e6nsende strukturer og tr\u00e6der ind i en skabers identitet.<\/p>\t\t\t\t\t\t\t\t<\/div>\n\t\t\t\t<\/div>\n\t\t\t\t<div class=\"elementor-element elementor-element-685ad5c elementor-widget elementor-widget-heading\" data-id=\"685ad5c\" data-element_type=\"widget\" data-e-type=\"widget\" data-widget_type=\"heading.default\">\n\t\t\t\t<div class=\"elementor-widget-container\">\n\t\t\t\t\t<h2 class=\"elementor-heading-title elementor-size-default\">Den Magnetiske Recode Proces<\/h2>\t\t\t\t<\/div>\n\t\t\t\t<\/div>\n\t\t\t\t<div class=\"elementor-element elementor-element-5de849e elementor-widget elementor-widget-text-editor\" data-id=\"5de849e\" data-element_type=\"widget\" data-e-type=\"widget\" data-widget_type=\"text-editor.default\">\n\t\t\t\t<div class=\"elementor-widget-container\">\n\t\t\t\t\t\t\t\t\t<p>Det er her, den Magnetic Recode Proces kommer ind. Ved hj\u00e6lp af banebrydende teknikker arbejder vi med dit Superconscious sind for at opl\u00f8se modstand og omprogrammere begr\u00e6nsende overbevisninger. Det Superconscious er den del af dig, der forbinder dig til det forenede felt af alle muligheder. Det rummer planen for dit h\u00f8jeste potentiale og giver dig adgang til kreative l\u00f8sninger ud over dit logiske sind. Dette giver dig mulighed for at tilpasse dig fuldt ud med det, du \u00f8nsker at skabe, og tr\u00e6de ind i et liv med frihed og muligheder.<\/p><p>Magnetic Recode f\u00f8lger en enkel, men dybtg\u00e5ende fem-trins proces for at hj\u00e6lpe dig med at skabe et liv, du elsker:<\/p><p><strong>1. Choose a True Goal:<\/strong><\/p><p>Identificer, hvad du virkelig ville elske at skabe, fri for samfundsm\u00e6ssige forventninger eller behovet for at l\u00f8se et problem.<\/p><p><strong>2. Create a Tension Structure:<\/strong><\/p><p>Brug sp\u00e6ndingens naturlige tr\u00e6k til at tilpasse din nuv\u00e6rende virkelighed til dit \u00f8nskede resultat. Dette princip, der ligner loven om tiltr\u00e6kning, sikrer, at dine m\u00e5l og handlinger flyder problemfrit.<\/p><p><strong>3. Recode Resistance:<\/strong><\/p><p>Forbind med din Superconscious for at frigive begr\u00e6nsende overbevisninger og m\u00f8nstre, der blokerer for fremskridt. Dette trin er transformativt, opl\u00f8ser indre konflikter og selvsabotage.<\/p><p><strong>4. Align Your Identity:<\/strong><\/p><p>Omfavn en ny m\u00e5de at v\u00e6re p\u00e5, der stemmer overens med din \u00f8nskede virkelighed. Ved at tr\u00e6de ind i identiteten af en person, der allerede har det, de \u00f8nsker, \u00e6ndrer du hele din struktur.<\/p><p><strong>5. Take Inspired Action:<\/strong><\/p><p>Fra denne nye orientering, tag meningsfulde, afstemte skridt mod dine m\u00e5l med lethed og selvtillid.<\/p>\t\t\t\t\t\t\t\t<\/div>\n\t\t\t\t<\/div>\n\t\t\t\t<div class=\"elementor-element elementor-element-df42666 elementor-widget elementor-widget-heading\" data-id=\"df42666\" data-element_type=\"widget\" data-e-type=\"widget\" data-widget_type=\"heading.default\">\n\t\t\t\t<div class=\"elementor-widget-container\">\n\t\t\t\t\t<h2 class=\"elementor-heading-title elementor-size-default\">Hvad sker der under en Magnetic Recode session?<\/h2>\t\t\t\t<\/div>\n\t\t\t\t<\/div>\n\t\t\t\t<div class=\"elementor-element elementor-element-856ad3a elementor-widget elementor-widget-text-editor\" data-id=\"856ad3a\" data-element_type=\"widget\" data-e-type=\"widget\" data-widget_type=\"text-editor.default\">\n\t\t\t\t<div class=\"elementor-widget-container\">\n\t\t\t\t\t\t\t\t\t<p>En Magnetic Recode session er en guidet proces, hvor jeg:<\/p><ul><li>Forbinder mig med dit overbevidste sind.<\/li><li>Identificerer og faciliterer processen af frigivelse underbevidst modstand.<\/li><li>Hj\u00e6lper dig med at skifte til en ny identitet tilpasset dit \u00f8nskede resultat.<\/li><li>Som resultat, oplever du en f\u00f8lelse af helhed og empowerment.<\/li><\/ul><p>Sessioner er blide, men alligevel dybt virkningsfulde, og skaber varige \u00e6ndringer i, hvordan du n\u00e6rmer dig livet og dine m\u00e5l. Kunder rapporterer ofte om, at de f\u00f8ler sig lettere, mere inspirerede og dybt forbundet med deres sande \u00f8nsker.<\/p>\t\t\t\t\t\t\t\t<\/div>\n\t\t\t\t<\/div>\n\t\t\t\t<div class=\"elementor-element elementor-element-8f86d48 elementor-widget elementor-widget-heading\" data-id=\"8f86d48\" data-element_type=\"widget\" data-e-type=\"widget\" data-widget_type=\"heading.default\">\n\t\t\t\t<div class=\"elementor-widget-container\">\n\t\t\t\t\t<h2 class=\"elementor-heading-title elementor-size-default\">Er du klar til at skabe det liv, du \u00f8nsker?<\/h2>\t\t\t\t<\/div>\n\t\t\t\t<\/div>\n\t\t\t\t<div class=\"elementor-element elementor-element-0ab70a5 elementor-widget elementor-widget-text-editor\" data-id=\"0ab70a5\" data-element_type=\"widget\" data-e-type=\"widget\" data-widget_type=\"text-editor.default\">\n\t\t\t\t<div class=\"elementor-widget-container\">\n\t\t\t\t\t\t\t\t\t<p class=\"translation-block\">For at komme i gang skal du begynde med en indledende Intro Magnetic Recode session. I denne session vil din Superconscious l\u00e6re at behandle modstand og l\u00e6gge grundlaget for den fulde Magnetic Recode oplevelse.<\/p>\t\t\t\t\t\t\t\t<\/div>\n\t\t\t\t<\/div>\n\t\t\t\t<div class=\"elementor-element elementor-element-6d0c7ca elementor-align-right btn-clr elementor-widget elementor-widget-button\" data-id=\"6d0c7ca\" data-element_type=\"widget\" data-e-type=\"widget\" data-widget_type=\"button.default\">\n\t\t\t\t<div class=\"elementor-widget-container\">\n\t\t\t\t\t\t\t\t\t<div class=\"elementor-button-wrapper\">\n\t\t\t\t\t<a class=\"elementor-button elementor-button-link elementor-size-xs\" href=\"https:\/\/buy.stripe.com\/7sI8yf3kucJ7b1C003\" target=\"_blank\">\n\t\t\t\t\t\t<span class=\"elementor-button-content-wrapper\">\n\t\t\t\t\t\t<span class=\"elementor-button-icon\">\n\t\t\t\t<svg xmlns=\"http:\/\/www.w3.org\/2000\/svg\" width=\"39\" height=\"38\" viewbox=\"0 0 39 38\" fill=\"none\"><path d=\"M38.5 19C38.5 29.2051 30.0057 37.5 19.5 37.5C8.99427 37.5 0.5 29.2051 0.5 19C0.5 8.7949 8.99427 0.5 19.5 0.5C30.0057 0.5 38.5 8.7949 38.5 19Z\" stroke=\"white\"><\/path><path d=\"M27.9736 19.2478C28.019 19.2188 28.0565 19.1788 28.0824 19.1316C28.1083 19.0843 28.1219 19.0312 28.1219 18.9773C28.1219 18.9234 28.1083 18.8704 28.0824 18.8231C28.0565 18.7758 28.019 18.7359 27.9736 18.7069L14.3706 10.0343C14.3282 10.0075 14.2778 9.99584 14.2279 10.0013C14.178 10.0068 14.1314 10.0291 14.0957 10.0645C14.0601 10.0999 14.0375 10.1463 14.0317 10.1963C14.0259 10.2462 14.0372 10.2966 14.0637 10.3392L19.3067 18.6848C19.3618 18.7724 19.391 18.8738 19.391 18.9773C19.391 19.0808 19.3618 19.1822 19.3067 19.2698L14.0507 27.6361C13.899 27.8776 14.1195 28.0805 14.2955 27.9682L27.9736 19.2478Z\" fill=\"white\"><\/path><\/svg>\t\t\t<\/span>\n\t\t\t\t\t\t\t\t\t<span class=\"elementor-button-text\">Book the Intro Magnetic Recode Session<\/span>\n\t\t\t\t\t<\/span>\n\t\t\t\t\t<\/a>\n\t\t\t\t<\/div>\n\t\t\t\t\t\t\t\t<\/div>\n\t\t\t\t<\/div>\n\t\t\t\t<div class=\"elementor-element elementor-element-29ed425 elementor-widget elementor-widget-text-editor\" data-id=\"29ed425\" data-element_type=\"widget\" data-e-type=\"widget\" data-widget_type=\"text-editor.default\">\n\t\t\t\t<div class=\"elementor-widget-container\">\n\t\t\t\t\t\t\t\t\t<p>Har du allerede oplevet den Intro Magnetic Recode Session? S\u00e5 er du klar til at dykke ned i den fulde Magnetic Recode session og l\u00e5se op for dit skaberpotentiale.<\/p>\t\t\t\t\t\t\t\t<\/div>\n\t\t\t\t<\/div>\n\t\t<div class=\"elementor-element elementor-element-40b127d e-con-full e-flex e-con e-child\" data-id=\"40b127d\" data-element_type=\"container\" data-e-type=\"container\">\n\t\t\t\t<div class=\"elementor-element elementor-element-785b397 elementor-align-right btn-clr elementor-widget elementor-widget-button\" data-id=\"785b397\" data-element_type=\"widget\" data-e-type=\"widget\" data-widget_type=\"button.default\">\n\t\t\t\t<div class=\"elementor-widget-container\">\n\t\t\t\t\t\t\t\t\t<div class=\"elementor-button-wrapper\">\n\t\t\t\t\t<a class=\"elementor-button elementor-button-link elementor-size-xs\" href=\"https:\/\/buy.stripe.com\/7sI8yf3kucJ7b1C003\" target=\"_blank\">\n\t\t\t\t\t\t<span class=\"elementor-button-content-wrapper\">\n\t\t\t\t\t\t<span class=\"elementor-button-icon\">\n\t\t\t\t<svg xmlns=\"http:\/\/www.w3.org\/2000\/svg\" width=\"39\" height=\"38\" viewbox=\"0 0 39 38\" fill=\"none\"><path d=\"M38.5 19C38.5 29.2051 30.0057 37.5 19.5 37.5C8.99427 37.5 0.5 29.2051 0.5 19C0.5 8.7949 8.99427 0.5 19.5 0.5C30.0057 0.5 38.5 8.7949 38.5 19Z\" stroke=\"white\"><\/path><path d=\"M27.9736 19.2478C28.019 19.2188 28.0565 19.1788 28.0824 19.1316C28.1083 19.0843 28.1219 19.0312 28.1219 18.9773C28.1219 18.9234 28.1083 18.8704 28.0824 18.8231C28.0565 18.7758 28.019 18.7359 27.9736 18.7069L14.3706 10.0343C14.3282 10.0075 14.2778 9.99584 14.2279 10.0013C14.178 10.0068 14.1314 10.0291 14.0957 10.0645C14.0601 10.0999 14.0375 10.1463 14.0317 10.1963C14.0259 10.2462 14.0372 10.2966 14.0637 10.3392L19.3067 18.6848C19.3618 18.7724 19.391 18.8738 19.391 18.9773C19.391 19.0808 19.3618 19.1822 19.3067 19.2698L14.0507 27.6361C13.899 27.8776 14.1195 28.0805 14.2955 27.9682L27.9736 19.2478Z\" fill=\"white\"><\/path><\/svg>\t\t\t<\/span>\n\t\t\t\t\t\t\t\t\t<span class=\"elementor-button-text\">Book Magnetic Recode 1 Session<\/span>\n\t\t\t\t\t<\/span>\n\t\t\t\t\t<\/a>\n\t\t\t\t<\/div>\n\t\t\t\t\t\t\t\t<\/div>\n\t\t\t\t<\/div>\n\t\t\t\t<div class=\"elementor-element elementor-element-193c184 elementor-align-right btn-clr elementor-widget elementor-widget-button\" data-id=\"193c184\" data-element_type=\"widget\" data-e-type=\"widget\" data-widget_type=\"button.default\">\n\t\t\t\t<div class=\"elementor-widget-container\">\n\t\t\t\t\t\t\t\t\t<div class=\"elementor-button-wrapper\">\n\t\t\t\t\t<a class=\"elementor-button elementor-button-link elementor-size-xs\" href=\"https:\/\/buy.stripe.com\/28o6q71cm8sR4DefZ4\" target=\"_blank\">\n\t\t\t\t\t\t<span class=\"elementor-button-content-wrapper\">\n\t\t\t\t\t\t<span class=\"elementor-button-icon\">\n\t\t\t\t<svg xmlns=\"http:\/\/www.w3.org\/2000\/svg\" width=\"39\" height=\"38\" viewbox=\"0 0 39 38\" fill=\"none\"><path d=\"M38.5 19C38.5 29.2051 30.0057 37.5 19.5 37.5C8.99427 37.5 0.5 29.2051 0.5 19C0.5 8.7949 8.99427 0.5 19.5 0.5C30.0057 0.5 38.5 8.7949 38.5 19Z\" stroke=\"white\"><\/path><path d=\"M27.9736 19.2478C28.019 19.2188 28.0565 19.1788 28.0824 19.1316C28.1083 19.0843 28.1219 19.0312 28.1219 18.9773C28.1219 18.9234 28.1083 18.8704 28.0824 18.8231C28.0565 18.7758 28.019 18.7359 27.9736 18.7069L14.3706 10.0343C14.3282 10.0075 14.2778 9.99584 14.2279 10.0013C14.178 10.0068 14.1314 10.0291 14.0957 10.0645C14.0601 10.0999 14.0375 10.1463 14.0317 10.1963C14.0259 10.2462 14.0372 10.2966 14.0637 10.3392L19.3067 18.6848C19.3618 18.7724 19.391 18.8738 19.391 18.9773C19.391 19.0808 19.3618 19.1822 19.3067 19.2698L14.0507 27.6361C13.899 27.8776 14.1195 28.0805 14.2955 27.9682L27.9736 19.2478Z\" fill=\"white\"><\/path><\/svg>\t\t\t<\/span>\n\t\t\t\t\t\t\t\t\t<span class=\"elementor-button-text\">Magnetic Recode 2 Months Program<\/span>\n\t\t\t\t\t<\/span>\n\t\t\t\t\t<\/a>\n\t\t\t\t<\/div>\n\t\t\t\t\t\t\t\t<\/div>\n\t\t\t\t<\/div>\n\t\t\t\t<\/div>\n\t\t\t\t<div class=\"elementor-element elementor-element-64ab54c elementor-widget elementor-widget-heading\" data-id=\"64ab54c\" data-element_type=\"widget\" data-e-type=\"widget\" data-widget_type=\"heading.default\">\n\t\t\t\t<div class=\"elementor-widget-container\">\n\t\t\t\t\t<h2 class=\"elementor-heading-title elementor-size-default\">Hvorfor vente? Din forvandling begynder nu<\/h2>\t\t\t\t<\/div>\n\t\t\t\t<\/div>\n\t\t\t\t<div class=\"elementor-element elementor-element-5d9fd79 elementor-widget elementor-widget-text-editor\" data-id=\"5d9fd79\" data-element_type=\"widget\" data-e-type=\"widget\" data-widget_type=\"text-editor.default\">\n\t\t\t\t<div class=\"elementor-widget-container\">\n\t\t\t\t\t\t\t\t\t<p>Livet beh\u00f8ver ikke at v\u00e6re en cyklus af stress og str\u00e6ben. Du er i stand til at tr\u00e6de ind i din magt som skaber. Med Magnetic Recode-processen kan du opl\u00f8se modstand, tilpasse dig dine sande \u00f8nsker og skabe et liv, der begejstrer og inspirerer dig.<\/p><p>Lad ikke begr\u00e6nsende overbevisninger holde dig tilbage l\u00e6ngere. Tag det f\u00f8rste skridt i dag og opdag friheden ved at leve som dit mest bemyndigede Jeg.<\/p>\t\t\t\t\t\t\t\t<\/div>\n\t\t\t\t<\/div>\n\t\t\t\t\t<\/div>\n\t\t\t\t<\/div>\n\t\t\t\t<\/div>","protected":false},"excerpt":{"rendered":"<p>Change Your Life with Magnetic Recode \u201cYou are more than your thoughts, your body, or your feelings. You are a swirling vortex of limitless potential who is here to shake things up and create something new that the universe has never seen.\u201d &#8211; Dr. Richard Bartlett Are You Living Your Best Life? Have you ever [&hellip;]<\/p>","protected":false},"author":1,"featured_media":0,"parent":0,"menu_order":50,"comment_status":"closed","ping_status":"closed","template":"elementor_header_footer","meta":{"footnotes":""},"class_list":["post-18","page","type-page","status-publish","hentry"],"_links":{"self":[{"href":"https:\/\/katerynakolkova.com\/da\/wp-json\/wp\/v2\/pages\/18","targetHints":{"allow":["GET"]}}],"collection":[{"href":"https:\/\/katerynakolkova.com\/da\/wp-json\/wp\/v2\/pages"}],"about":[{"href":"https:\/\/katerynakolkova.com\/da\/wp-json\/wp\/v2\/types\/page"}],"author":[{"embeddable":true,"href":"https:\/\/katerynakolkova.com\/da\/wp-json\/wp\/v2\/users\/1"}],"replies":[{"embeddable":true,"href":"https:\/\/katerynakolkova.com\/da\/wp-json\/wp\/v2\/comments?post=18"}],"version-history":[{"count":53,"href":"https:\/\/katerynakolkova.com\/da\/wp-json\/wp\/v2\/pages\/18\/revisions"}],"predecessor-version":[{"id":1564,"href":"https:\/\/katerynakolkova.com\/da\/wp-json\/wp\/v2\/pages\/18\/revisions\/1564"}],"wp:attachment":[{"href":"https:\/\/katerynakolkova.com\/da\/wp-json\/wp\/v2\/media?parent=18"}],"curies":[{"name":"wp","href":"https:\/\/api.w.org\/{rel}","templated":true}]}}