{"id":20,"date":"2024-12-31T06:13:19","date_gmt":"2024-12-31T06:13:19","guid":{"rendered":"https:\/\/katerynakolkova.com\/discover-your-life-purpose\/"},"modified":"2025-01-21T21:34:56","modified_gmt":"2025-01-21T21:34:56","slug":"discover-your-life-purpose","status":"publish","type":"page","link":"https:\/\/katerynakolkova.com\/da\/discover-your-life-purpose\/","title":{"rendered":"Opdag Dit Livs Potentiale"},"content":{"rendered":"<div data-elementor-type=\"wp-page\" data-elementor-id=\"20\" class=\"elementor elementor-20\" data-elementor-post-type=\"page\">\n\t\t\t\t<div class=\"elementor-element elementor-element-a9fe3eb e-flex e-con-boxed e-con e-parent\" data-id=\"a9fe3eb\" data-element_type=\"container\" data-e-type=\"container\" data-settings=\"{&quot;background_background&quot;:&quot;classic&quot;}\">\n\t\t\t\t\t<div class=\"e-con-inner\">\n\t\t<div class=\"elementor-element elementor-element-c32565a e-con-full e-flex e-con e-child\" data-id=\"c32565a\" data-element_type=\"container\" data-e-type=\"container\" data-settings=\"{&quot;background_background&quot;:&quot;classic&quot;}\">\n\t\t\t\t<div class=\"elementor-element elementor-element-544e187 elementor-widget__width-initial elementor-widget-mobile__width-inherit elementor-widget elementor-widget-heading\" data-id=\"544e187\" data-element_type=\"widget\" data-e-type=\"widget\" data-widget_type=\"heading.default\">\n\t\t\t\t<div class=\"elementor-widget-container\">\n\t\t\t\t\t<h2 class=\"elementor-heading-title elementor-size-default\">Opdag Dit Livs Potentiale Gennem Omfattende Analyse<\/h2>\t\t\t\t<\/div>\n\t\t\t\t<\/div>\n\t\t\t\t<div class=\"elementor-element elementor-element-0d2c0a9 elementor-widget__width-initial elementor-widget-mobile__width-inherit elementor-widget elementor-widget-image\" data-id=\"0d2c0a9\" data-element_type=\"widget\" data-e-type=\"widget\" data-widget_type=\"image.default\">\n\t\t\t\t<div class=\"elementor-widget-container\">\n\t\t\t\t\t\t\t\t\t\t\t\t\t\t\t<img fetchpriority=\"high\" decoding=\"async\" width=\"420\" height=\"357\" src=\"https:\/\/katerynakolkova.com\/wp-content\/uploads\/2025\/01\/STAR_all_lines-removebg-preview-e1737365641568.png\" class=\"attachment-full size-full wp-image-1644\" alt=\"\" srcset=\"https:\/\/katerynakolkova.com\/wp-content\/uploads\/2025\/01\/STAR_all_lines-removebg-preview-e1737365641568.png 420w, https:\/\/katerynakolkova.com\/wp-content\/uploads\/2025\/01\/STAR_all_lines-removebg-preview-e1737365641568-300x255.png 300w, https:\/\/katerynakolkova.com\/wp-content\/uploads\/2025\/01\/STAR_all_lines-removebg-preview-e1737365641568-14x12.png 14w\" sizes=\"(max-width: 420px) 100vw, 420px\" \/>\t\t\t\t\t\t\t\t\t\t\t\t\t\t\t<\/div>\n\t\t\t\t<\/div>\n\t\t\t\t<\/div>\n\t\t\t\t\t<\/div>\n\t\t\t\t<\/div>\n\t\t<div class=\"elementor-element elementor-element-4269dc4 e-flex e-con-boxed e-con e-parent\" data-id=\"4269dc4\" data-element_type=\"container\" data-e-type=\"container\">\n\t\t\t\t\t<div class=\"e-con-inner\">\n\t\t\t\t<div class=\"elementor-element elementor-element-aa77651 elementor-widget elementor-widget-heading\" data-id=\"aa77651\" data-element_type=\"widget\" data-e-type=\"widget\" data-widget_type=\"heading.default\">\n\t\t\t\t<div class=\"elementor-widget-container\">\n\t\t\t\t\t<h2 class=\"elementor-heading-title elementor-size-default\">L\u00e5s op for dit livs hemmeligheder<\/h2>\t\t\t\t<\/div>\n\t\t\t\t<\/div>\n\t\t\t\t<div class=\"elementor-element elementor-element-90dd36b elementor-widget elementor-widget-text-editor\" data-id=\"90dd36b\" data-element_type=\"widget\" data-e-type=\"widget\" data-widget_type=\"text-editor.default\">\n\t\t\t\t<div class=\"elementor-widget-container\">\n\t\t\t\t\t\t\t\t\t<p>Forestil dig at have en guide, der afsl\u00f8rer de skjulte m\u00f8nstre, der former dine oplevelser og valg. Ved hj\u00e6lp af STAR-metoden afd\u00e6kker vi de energier, der p\u00e5virker fem n\u00f8gleomr\u00e5der i livet: selvudvikling, spiritualitet, karriere og penge, relationer og sundhed. Ved at afkode din f\u00f8dselskode og l\u00f8se erfaringer fra tidligere liv, f\u00e5r du klarhed, tr\u00e6ffer bemyndigede beslutninger og opn\u00e5r balance. Dette er din chance for at leve med m\u00e5l og tillid. Klar til at udforske dit unikke plan?<\/p>\t\t\t\t\t\t\t\t<\/div>\n\t\t\t\t<\/div>\n\t\t\t\t<div class=\"elementor-element elementor-element-cd5e4d5 elementor-widget elementor-widget-heading\" data-id=\"cd5e4d5\" data-element_type=\"widget\" data-e-type=\"widget\" data-widget_type=\"heading.default\">\n\t\t\t\t<div class=\"elementor-widget-container\">\n\t\t\t\t\t<h2 class=\"elementor-heading-title elementor-size-default\">Psykologisk portr\u00e6t: Afsl\u00f8r dine indre styrker<\/h2>\t\t\t\t<\/div>\n\t\t\t\t<\/div>\n\t\t\t\t<div class=\"elementor-element elementor-element-8154736 elementor-widget elementor-widget-text-editor\" data-id=\"8154736\" data-element_type=\"widget\" data-e-type=\"widget\" data-widget_type=\"text-editor.default\">\n\t\t\t\t<div class=\"elementor-widget-container\">\n\t\t\t\t\t\t\t\t\t<p>Hvad er dine naturlige gaver, og hvordan kan de forme din succes? Dit psykologiske portr\u00e6t afsl\u00f8rer kernen i, hvem du er \u2013 dine talenter, personlighedstr\u00e6k og v\u00e6kstomr\u00e5der. For eksempel kan du opdage, at du er en naturlig probleml\u00f8ser, der trives i lederroller eller en empatisk opdrager med en gave til at forbinde med andre. At forst\u00e5 disse styrker hj\u00e6lper dig med at navigere i udfordringer, forbedre relationer og tilpasse dig muligheder, der giver genlyd i dit sande jeg.<\/p><p><strong>Fordele:<\/strong><\/p><ul><li>F\u00e5 klarhed over dine unikke talenter og styrker.<\/li><li>Overvind tvivlen p\u00e5 dig selv ved at omfavne din autentiske personlighed.<\/li><li>Frig\u00f8r dit potentiale for personlig og professionel v\u00e6kst.<\/li><\/ul>\t\t\t\t\t\t\t\t<\/div>\n\t\t\t\t<\/div>\n\t\t\t\t<div class=\"elementor-element elementor-element-44586fa elementor-widget elementor-widget-heading\" data-id=\"44586fa\" data-element_type=\"widget\" data-e-type=\"widget\" data-widget_type=\"heading.default\">\n\t\t\t\t<div class=\"elementor-widget-container\">\n\t\t\t\t\t<h2 class=\"elementor-heading-title elementor-size-default\">\u00c5ndelige udfordringer: Naviger i din sj\u00e6ls rejse<\/h2>\t\t\t\t<\/div>\n\t\t\t\t<\/div>\n\t\t\t\t<div class=\"elementor-element elementor-element-475031a elementor-widget elementor-widget-text-editor\" data-id=\"475031a\" data-element_type=\"widget\" data-e-type=\"widget\" data-widget_type=\"text-editor.default\">\n\t\t\t\t<div class=\"elementor-widget-container\">\n\t\t\t\t\t\t\t\t\t<p>Er du klar til at overvinde tilbagevendende udfordringer og leve med st\u00f8rre fred? Hver sj\u00e6l b\u00e6rer uforl\u00f8ste erfaringer fra tidligere liv, og disse udfordringer manifesterer sig ofte som forhindringer i nuet. For eksempel kan du gentagne gange k\u00e6mpe med tillid, ansvar eller frygt for fiasko. Ved at identificere disse m\u00f8nstre kan du bryde fri fra begr\u00e6nsninger og tr\u00e6de ind p\u00e5 en mere harmonisk livsbane.<\/p><p><strong>Fordele:<\/strong><\/p><ul><li>Forst\u00e5 de grundl\u00e6ggende \u00e5rsager til tilbagevendende udfordringer.<\/li><li>L\u00e6r specifikke handlinger for at l\u00f8se \u00e5ndelige lektioner.<\/li><li>Oplev dybere tilfredsstillelse og indre fred.<\/li><\/ul>\t\t\t\t\t\t\t\t<\/div>\n\t\t\t\t<\/div>\n\t\t\t\t<div class=\"elementor-element elementor-element-e9b1113 elementor-widget elementor-widget-heading\" data-id=\"e9b1113\" data-element_type=\"widget\" data-e-type=\"widget\" data-widget_type=\"heading.default\">\n\t\t\t\t<div class=\"elementor-widget-container\">\n\t\t\t\t\t<h2 class=\"elementor-heading-title elementor-size-default\">Optimal selvrealisering: Afstem passion med velstand<\/h2>\t\t\t\t<\/div>\n\t\t\t\t<\/div>\n\t\t\t\t<div class=\"elementor-element elementor-element-eeabb63 elementor-widget elementor-widget-text-editor\" data-id=\"eeabb63\" data-element_type=\"widget\" data-e-type=\"widget\" data-widget_type=\"text-editor.default\">\n\t\t\t\t<div class=\"elementor-widget-container\">\n\t\t\t\t\t\t\t\t\t<p>Hvad hvis din karriere bragte dig ikke bare \u00f8konomisk succes, men ogs\u00e5 gl\u00e6de og tilfredsstillelse? Denne l\u00e6sning identificerer de bedste veje til selvrealisering og velstand. For eksempel, hvis du er naturligt kreativ, kan du trives i roller, der lader dig innovere, mens en person med et analytisk sind kan udm\u00e6rke sig inden for strategi eller forskning. Ved at tilpasse dig dine styrker kan du opn\u00e5 b\u00e5de personlig tilfredshed og \u00f8konomisk overflod.<\/p><p><strong>Fordele:<\/strong><\/p><ul><li>Opdag den karrierevej, der bedst passer til dine talenter.<\/li><li>Identificere strategier til at overvinde \u00f8konomiske blokeringer.<\/li><li>Opn\u00e5 succes ved at f\u00f8lge dit sande kald.<\/li><\/ul>\t\t\t\t\t\t\t\t<\/div>\n\t\t\t\t<\/div>\n\t\t\t\t<div class=\"elementor-element elementor-element-3e0cf1c elementor-widget elementor-widget-heading\" data-id=\"3e0cf1c\" data-element_type=\"widget\" data-e-type=\"widget\" data-widget_type=\"heading.default\">\n\t\t\t\t<div class=\"elementor-widget-container\">\n\t\t\t\t\t<h2 class=\"elementor-heading-title elementor-size-default\">Relationsdynamik: Dyrk meningsfulde forbindelser<\/h2>\t\t\t\t<\/div>\n\t\t\t\t<\/div>\n\t\t\t\t<div class=\"elementor-element elementor-element-33d5dc2 elementor-widget elementor-widget-text-editor\" data-id=\"33d5dc2\" data-element_type=\"widget\" data-e-type=\"widget\" data-widget_type=\"text-editor.default\">\n\t\t\t\t<div class=\"elementor-widget-container\">\n\t\t\t\t\t\t\t\t\t<p>Hvorfor f\u00f8les visse forhold s\u00e5 lette, mens andre er en kamp? Din relationsanalyse giver indsigt i dine kompatibilitetsm\u00f8nstre, f\u00f8lelsesm\u00e6ssige behov og hvordan du kan skabe dybere forbindelser. For eksempel kan du l\u00e6re, hvorfor du tiltr\u00e6kker bestemte typer partnere, eller hvordan du l\u00f8ser tilbagevendende konflikter. Denne viden giver dig mulighed for at skabe harmoniske og tilfredsstillende relationer.<\/p><p><strong>Fordele:<\/strong><\/p><ul><li>Styrk dine eksisterende relationer med bedre kommunikation og forst\u00e5else.<\/li><li>Bryd dig fri fra giftige m\u00f8nstre i k\u00e6rlighed og venskaber.<\/li><li>Opbyg meningsfulde forbindelser, der underst\u00f8tter din v\u00e6kst.<\/li><\/ul>\t\t\t\t\t\t\t\t<\/div>\n\t\t\t\t<\/div>\n\t\t\t\t<div class=\"elementor-element elementor-element-5f8d586 elementor-widget elementor-widget-heading\" data-id=\"5f8d586\" data-element_type=\"widget\" data-e-type=\"widget\" data-widget_type=\"heading.default\">\n\t\t\t\t<div class=\"elementor-widget-container\">\n\t\t\t\t\t<h2 class=\"elementor-heading-title elementor-size-default\">Sundhedsveje: Styrk din vitalitet<\/h2>\t\t\t\t<\/div>\n\t\t\t\t<\/div>\n\t\t\t\t<div class=\"elementor-element elementor-element-f1e48e9 elementor-widget elementor-widget-text-editor\" data-id=\"f1e48e9\" data-element_type=\"widget\" data-e-type=\"widget\" data-widget_type=\"text-editor.default\">\n\t\t\t\t<div class=\"elementor-widget-container\">\n\t\t\t\t\t\t\t\t\t<p>Dit helbred er en afspejling af dit livs balance. Denne l\u00e6sning identificerer m\u00f8nstre, der p\u00e5virker dit velbefindende og giver personlige anbefalinger til at styrke din vitalitet. For eksempel kan du afd\u00e6kke stressfaktorer forbundet med ul\u00f8ste f\u00f8lelsesm\u00e6ssige udfordringer eller livsstilsvaner, der dr\u00e6ner din energi. Med handlingsorienteret indsigt kan du skabe en vej mod et sundere og mere levende liv.<\/p><p><strong>Fordele:<\/strong><\/p><ul><li>Identificer f\u00f8lelsesm\u00e6ssige eller adf\u00e6rdsm\u00e6ssige m\u00f8nstre, der p\u00e5virker dit helbred.<\/li><li>Modtag skr\u00e6ddersyede anbefalinger til at opn\u00e5 balance og vitalitet.<\/li><li>Forbedre dit energiniveau og det generelle velv\u00e6re.<\/li><\/ul>\t\t\t\t\t\t\t\t<\/div>\n\t\t\t\t<\/div>\n\t\t\t\t<div class=\"elementor-element elementor-element-c387b81 elementor-widget elementor-widget-heading\" data-id=\"c387b81\" data-element_type=\"widget\" data-e-type=\"widget\" data-widget_type=\"heading.default\">\n\t\t\t\t<div class=\"elementor-widget-container\">\n\t\t\t\t\t<h2 class=\"elementor-heading-title elementor-size-default\">Livsmission: Opdag dit form\u00e5l<\/h2>\t\t\t\t<\/div>\n\t\t\t\t<\/div>\n\t\t\t\t<div class=\"elementor-element elementor-element-bf9d65a elementor-widget elementor-widget-text-editor\" data-id=\"bf9d65a\" data-element_type=\"widget\" data-e-type=\"widget\" data-widget_type=\"text-editor.default\">\n\t\t\t\t<div class=\"elementor-widget-container\">\n\t\t\t\t\t\t\t\t\t<p>Lever du i overensstemmelse med dit sande form\u00e5l? Din livsmission afsl\u00f8rer det unikke bidrag, du skal yde i denne verden. For eksempel kan du l\u00e6re, at dit form\u00e5l er at vejlede andre som l\u00e6rer, skabe sk\u00f8nhed som kunstner eller bringe transformation gennem ledelse. At kende din mission giver klarhed og motivation, og hj\u00e6lper dig med at komme videre med tillid.<\/p><p><strong>Fordele:<\/strong><\/p><ul><li>F\u00e5 en klar fornemmelse af dit livs form\u00e5l og retning.<\/li><li>F\u00f8l dig inspireret og motiveret til at forf\u00f8lge meningsfulde m\u00e5l.<\/li><li>Skab en arv, der stemmer overens med dine dybeste v\u00e6rdier.<\/li><\/ul>\t\t\t\t\t\t\t\t<\/div>\n\t\t\t\t<\/div>\n\t\t\t\t<div class=\"elementor-element elementor-element-92cd13a elementor-widget elementor-widget-heading\" data-id=\"92cd13a\" data-element_type=\"widget\" data-e-type=\"widget\" data-widget_type=\"heading.default\">\n\t\t\t\t<div class=\"elementor-widget-container\">\n\t\t\t\t\t<h2 class=\"elementor-heading-title elementor-size-default\">Konklusion: Start din transformationsrejse<\/h2>\t\t\t\t<\/div>\n\t\t\t\t<\/div>\n\t\t\t\t<div class=\"elementor-element elementor-element-1fc34fa elementor-widget elementor-widget-text-editor\" data-id=\"1fc34fa\" data-element_type=\"widget\" data-e-type=\"widget\" data-widget_type=\"text-editor.default\">\n\t\t\t\t<div class=\"elementor-widget-container\">\n\t\t\t\t\t\t\t\t\t<p>En STAR-l\u00e6sning er mere end blot indsigt \u2013 det er en k\u00f8replan til et liv med klarhed, balance og form\u00e5l. Uanset om du s\u00f8ger retning, healing eller v\u00e6kst, tilbyder denne omfattende analyse praktiske v\u00e6rkt\u00f8jer og dybtg\u00e5ende \u00e5benbaringer. Book din session i dag, og tag det f\u00f8rste skridt mod at frig\u00f8re dit sande potentiale.<\/p>\t\t\t\t\t\t\t\t<\/div>\n\t\t\t\t<\/div>\n\t\t<div class=\"elementor-element elementor-element-65bae59 e-con-full e-flex e-con e-child\" data-id=\"65bae59\" data-element_type=\"container\" data-e-type=\"container\">\n\t\t\t\t<div class=\"elementor-element elementor-element-697709b elementor-align-right btn-clr elementor-widget elementor-widget-button\" data-id=\"697709b\" data-element_type=\"widget\" data-e-type=\"widget\" data-widget_type=\"button.default\">\n\t\t\t\t<div class=\"elementor-widget-container\">\n\t\t\t\t\t\t\t\t\t<div class=\"elementor-button-wrapper\">\n\t\t\t\t\t<a class=\"elementor-button elementor-button-link elementor-size-xs\" href=\"https:\/\/buy.stripe.com\/cN2g0HaMWbF36Lm7sz\">\n\t\t\t\t\t\t<span class=\"elementor-button-content-wrapper\">\n\t\t\t\t\t\t<span class=\"elementor-button-icon\">\n\t\t\t\t<svg xmlns=\"http:\/\/www.w3.org\/2000\/svg\" width=\"39\" height=\"38\" viewbox=\"0 0 39 38\" fill=\"none\"><path d=\"M38.5 19C38.5 29.2051 30.0057 37.5 19.5 37.5C8.99427 37.5 0.5 29.2051 0.5 19C0.5 8.7949 8.99427 0.5 19.5 0.5C30.0057 0.5 38.5 8.7949 38.5 19Z\" stroke=\"white\"><\/path><path d=\"M27.9736 19.2478C28.019 19.2188 28.0565 19.1788 28.0824 19.1316C28.1083 19.0843 28.1219 19.0312 28.1219 18.9773C28.1219 18.9234 28.1083 18.8704 28.0824 18.8231C28.0565 18.7758 28.019 18.7359 27.9736 18.7069L14.3706 10.0343C14.3282 10.0075 14.2778 9.99584 14.2279 10.0013C14.178 10.0068 14.1314 10.0291 14.0957 10.0645C14.0601 10.0999 14.0375 10.1463 14.0317 10.1963C14.0259 10.2462 14.0372 10.2966 14.0637 10.3392L19.3067 18.6848C19.3618 18.7724 19.391 18.8738 19.391 18.9773C19.391 19.0808 19.3618 19.1822 19.3067 19.2698L14.0507 27.6361C13.899 27.8776 14.1195 28.0805 14.2955 27.9682L27.9736 19.2478Z\" fill=\"white\"><\/path><\/svg>\t\t\t<\/span>\n\t\t\t\t\t\t\t\t\t<span class=\"elementor-button-text\">Book the STAR reading sent to e-mail<\/span>\n\t\t\t\t\t<\/span>\n\t\t\t\t\t<\/a>\n\t\t\t\t<\/div>\n\t\t\t\t\t\t\t\t<\/div>\n\t\t\t\t<\/div>\n\t\t\t\t<div class=\"elementor-element elementor-element-c3d64a8 elementor-align-right btn-clr elementor-widget elementor-widget-button\" data-id=\"c3d64a8\" data-element_type=\"widget\" data-e-type=\"widget\" data-widget_type=\"button.default\">\n\t\t\t\t<div class=\"elementor-widget-container\">\n\t\t\t\t\t\t\t\t\t<div class=\"elementor-button-wrapper\">\n\t\t\t\t\t<a class=\"elementor-button elementor-button-link elementor-size-xs\" href=\"https:\/\/calendly.com\/kolkova-kateryna\">\n\t\t\t\t\t\t<span class=\"elementor-button-content-wrapper\">\n\t\t\t\t\t\t<span class=\"elementor-button-icon\">\n\t\t\t\t<svg xmlns=\"http:\/\/www.w3.org\/2000\/svg\" width=\"39\" height=\"38\" viewbox=\"0 0 39 38\" fill=\"none\"><path d=\"M38.5 19C38.5 29.2051 30.0057 37.5 19.5 37.5C8.99427 37.5 0.5 29.2051 0.5 19C0.5 8.7949 8.99427 0.5 19.5 0.5C30.0057 0.5 38.5 8.7949 38.5 19Z\" stroke=\"white\"><\/path><path d=\"M27.9736 19.2478C28.019 19.2188 28.0565 19.1788 28.0824 19.1316C28.1083 19.0843 28.1219 19.0312 28.1219 18.9773C28.1219 18.9234 28.1083 18.8704 28.0824 18.8231C28.0565 18.7758 28.019 18.7359 27.9736 18.7069L14.3706 10.0343C14.3282 10.0075 14.2778 9.99584 14.2279 10.0013C14.178 10.0068 14.1314 10.0291 14.0957 10.0645C14.0601 10.0999 14.0375 10.1463 14.0317 10.1963C14.0259 10.2462 14.0372 10.2966 14.0637 10.3392L19.3067 18.6848C19.3618 18.7724 19.391 18.8738 19.391 18.9773C19.391 19.0808 19.3618 19.1822 19.3067 19.2698L14.0507 27.6361C13.899 27.8776 14.1195 28.0805 14.2955 27.9682L27.9736 19.2478Z\" fill=\"white\"><\/path><\/svg>\t\t\t<\/span>\n\t\t\t\t\t\t\t\t\t<span class=\"elementor-button-text\">Book the STAR reading with a personal session<\/span>\n\t\t\t\t\t<\/span>\n\t\t\t\t\t<\/a>\n\t\t\t\t<\/div>\n\t\t\t\t\t\t\t\t<\/div>\n\t\t\t\t<\/div>\n\t\t\t\t<\/div>\n\t\t\t\t<div class=\"elementor-element elementor-element-165ee26 elementor-widget elementor-widget-text-editor\" data-id=\"165ee26\" data-element_type=\"widget\" data-e-type=\"widget\" data-widget_type=\"text-editor.default\">\n\t\t\t\t<div class=\"elementor-widget-container\">\n\t\t\t\t\t\t\t\t\t<p>Book din personlige STAR-l\u00e6sning nu, og opdag n\u00f8glerne til din succes, harmoni og opfyldelse.<\/p>\t\t\t\t\t\t\t\t<\/div>\n\t\t\t\t<\/div>\n\t\t\t\t\t<\/div>\n\t\t\t\t<\/div>\n\t\t\t\t<\/div>","protected":false},"excerpt":{"rendered":"<p>Discover Your Life\u2019s Potential Through Comprehensive Analysis of Your Birthdate Unlock the Secrets of Your Life Imagine having a guide that reveals the hidden patterns shaping your experiences and choices. Using the STAR method, we uncover the energies influencing five key areas of life: self-development, spirituality, career and money, relationships, and health. By decoding your [&hellip;]<\/p>","protected":false},"author":1,"featured_media":0,"parent":0,"menu_order":60,"comment_status":"closed","ping_status":"closed","template":"elementor_header_footer","meta":{"footnotes":""},"class_list":["post-20","page","type-page","status-publish","hentry"],"_links":{"self":[{"href":"https:\/\/katerynakolkova.com\/da\/wp-json\/wp\/v2\/pages\/20","targetHints":{"allow":["GET"]}}],"collection":[{"href":"https:\/\/katerynakolkova.com\/da\/wp-json\/wp\/v2\/pages"}],"about":[{"href":"https:\/\/katerynakolkova.com\/da\/wp-json\/wp\/v2\/types\/page"}],"author":[{"embeddable":true,"href":"https:\/\/katerynakolkova.com\/da\/wp-json\/wp\/v2\/users\/1"}],"replies":[{"embeddable":true,"href":"https:\/\/katerynakolkova.com\/da\/wp-json\/wp\/v2\/comments?post=20"}],"version-history":[{"count":84,"href":"https:\/\/katerynakolkova.com\/da\/wp-json\/wp\/v2\/pages\/20\/revisions"}],"predecessor-version":[{"id":1667,"href":"https:\/\/katerynakolkova.com\/da\/wp-json\/wp\/v2\/pages\/20\/revisions\/1667"}],"wp:attachment":[{"href":"https:\/\/katerynakolkova.com\/da\/wp-json\/wp\/v2\/media?parent=20"}],"curies":[{"name":"wp","href":"https:\/\/api.w.org\/{rel}","templated":true}]}}